{"id":313,"date":"2016-11-28T16:13:43","date_gmt":"2016-11-28T15:13:43","guid":{"rendered":"http:\/\/gynecopierreboucher.com\/?page_id=313"},"modified":"2023-02-22T17:03:01","modified_gmt":"2023-02-22T16:03:01","slug":"useful-links","status":"publish","type":"page","link":"https:\/\/gynecopierreboucher.com\/en\/useful-links\/","title":{"rendered":"Useful links"},"content":{"rendered":"<p><a href=\"http:\/\/www.gynecoquebec.com\/en\/home.html\" target=\"_blank\" rel=\"noopener\"><strong>Association des obst\u00e9triciens et gyn\u00e9cologues du Qu\u00e9bec<\/strong><\/a><\/p>\n<p><a href=\"https:\/\/sogc.org\/\" target=\"_blank\" rel=\"noopener\"><strong>Society of Obstetricians and Gynaecologists of Canada<\/strong><\/a><\/p>\n<p><a href=\"http:\/\/www.inspq.qc.ca\/en\/tiny-tot\/\" target=\"_blank\" rel=\"noopener\"><strong>From Tiny Tot to Toddler (A practical guide for parents from pregnancy to age two)<\/strong><\/a><br \/>\n<strong>\u00a0<\/strong><br \/>\n<a href=\"http:\/\/www.hc-sc.gc.ca\/fn-an\/food-guide-aliment\/index-eng.php\" target=\"_blank\" rel=\"noopener\"><strong>Canada&#8217;s food guide: for a healthy pregnancy<\/strong><\/a><\/p>\n<p><a href=\"http:\/\/www.rqap.gouv.qc.ca\/index_en.asp\" target=\"_blank\" rel=\"noopener\"><strong>Qu\u00e9bec Parental Insurance Plan<\/strong><\/a><\/p>\n<p><a href=\"http:\/\/www.sexandu.ca\" target=\"_blank\" rel=\"noopener\"><strong>Sexuality and You<\/strong><\/a><\/p>\n<p><a href=\"http:\/\/www.hernutrition.ca\" target=\"_blank\" rel=\"noopener\"><strong>Nutrition for women<\/strong><\/a><\/p>\n","protected":false},"excerpt":{"rendered":"<p>Association des obst\u00e9triciens et gyn\u00e9cologues du Qu\u00e9bec Society of Obstetricians and Gynaecologists of Canada From Tiny Tot to Toddler (A practical guide for parents from pregnancy to age two) \u00a0 Canada&#8217;s food guide: for a healthy pregnancy Qu\u00e9bec Parental Insurance Plan Sexuality and You Nutrition for women<\/p>\n","protected":false},"author":1,"featured_media":0,"parent":0,"menu_order":0,"comment_status":"closed","ping_status":"closed","template":"","meta":{"_acf_changed":false,"footnotes":""},"class_list":["post-313","page","type-page","status-publish","hentry"],"acf":[],"yoast_head":"<!-- This site is optimized with the Yoast SEO plugin v24.0 - https:\/\/yoast.com\/wordpress\/plugins\/seo\/ -->\n<title>Useful links - Pierre-Boucher gynecology-obstetrics clinic.<\/title>\n<meta name=\"robots\" content=\"index, follow, max-snippet:-1, max-image-preview:large, max-video-preview:-1\" \/>\n<link rel=\"canonical\" href=\"https:\/\/gynecopierreboucher.com\/en\/useful-links\/\" \/>\n<meta property=\"og:locale\" content=\"en_US\" \/>\n<meta property=\"og:type\" content=\"article\" \/>\n<meta property=\"og:title\" content=\"Useful links - Pierre-Boucher gynecology-obstetrics clinic.\" \/>\n<meta property=\"og:description\" content=\"Association des obst\u00e9triciens et gyn\u00e9cologues du Qu\u00e9bec Society of Obstetricians and Gynaecologists of Canada From Tiny Tot to Toddler (A practical guide for parents from pregnancy to age two) \u00a0 Canada&#8217;s food guide: for a healthy pregnancy Qu\u00e9bec Parental Insurance Plan Sexuality and You Nutrition for women\" \/>\n<meta property=\"og:url\" content=\"https:\/\/gynecopierreboucher.com\/en\/useful-links\/\" \/>\n<meta property=\"og:site_name\" content=\"Pierre-Boucher gynecology-obstetrics clinic.\" \/>\n<meta property=\"article:modified_time\" content=\"2023-02-22T16:03:01+00:00\" \/>\n<meta name=\"twitter:card\" content=\"summary_large_image\" \/>\n<script type=\"application\/ld+json\" class=\"yoast-schema-graph\">{\"@context\":\"https:\/\/schema.org\",\"@graph\":[{\"@type\":\"WebPage\",\"@id\":\"https:\/\/gynecopierreboucher.com\/en\/useful-links\/\",\"url\":\"https:\/\/gynecopierreboucher.com\/en\/useful-links\/\",\"name\":\"Useful links - Pierre-Boucher gynecology-obstetrics clinic.\",\"isPartOf\":{\"@id\":\"https:\/\/gynecopierreboucher.com\/#website\"},\"datePublished\":\"2016-11-28T15:13:43+00:00\",\"dateModified\":\"2023-02-22T16:03:01+00:00\",\"breadcrumb\":{\"@id\":\"https:\/\/gynecopierreboucher.com\/en\/useful-links\/#breadcrumb\"},\"inLanguage\":\"en-US\",\"potentialAction\":[{\"@type\":\"ReadAction\",\"target\":[\"https:\/\/gynecopierreboucher.com\/en\/useful-links\/\"]}]},{\"@type\":\"BreadcrumbList\",\"@id\":\"https:\/\/gynecopierreboucher.com\/en\/useful-links\/#breadcrumb\",\"itemListElement\":[{\"@type\":\"ListItem\",\"position\":1,\"name\":\"Accueil\",\"item\":\"https:\/\/gynecopierreboucher.com\/en\/\"},{\"@type\":\"ListItem\",\"position\":2,\"name\":\"Useful links\"}]},{\"@type\":\"WebSite\",\"@id\":\"https:\/\/gynecopierreboucher.com\/#website\",\"url\":\"https:\/\/gynecopierreboucher.com\/\",\"name\":\"Pierre-Boucher gynecology-obstetrics clinic.\",\"description\":\"\",\"potentialAction\":[{\"@type\":\"SearchAction\",\"target\":{\"@type\":\"EntryPoint\",\"urlTemplate\":\"https:\/\/gynecopierreboucher.com\/?s={search_term_string}\"},\"query-input\":{\"@type\":\"PropertyValueSpecification\",\"valueRequired\":true,\"valueName\":\"search_term_string\"}}],\"inLanguage\":\"en-US\"}]}<\/script>\n<!-- \/ Yoast SEO plugin. -->","yoast_head_json":{"title":"Useful links - Pierre-Boucher gynecology-obstetrics clinic.","robots":{"index":"index","follow":"follow","max-snippet":"max-snippet:-1","max-image-preview":"max-image-preview:large","max-video-preview":"max-video-preview:-1"},"canonical":"https:\/\/gynecopierreboucher.com\/en\/useful-links\/","og_locale":"en_US","og_type":"article","og_title":"Useful links - Pierre-Boucher gynecology-obstetrics clinic.","og_description":"Association des obst\u00e9triciens et gyn\u00e9cologues du Qu\u00e9bec Society of Obstetricians and Gynaecologists of Canada From Tiny Tot to Toddler (A practical guide for parents from pregnancy to age two) \u00a0 Canada&#8217;s food guide: for a healthy pregnancy Qu\u00e9bec Parental Insurance Plan Sexuality and You Nutrition for women","og_url":"https:\/\/gynecopierreboucher.com\/en\/useful-links\/","og_site_name":"Pierre-Boucher gynecology-obstetrics clinic.","article_modified_time":"2023-02-22T16:03:01+00:00","twitter_card":"summary_large_image","schema":{"@context":"https:\/\/schema.org","@graph":[{"@type":"WebPage","@id":"https:\/\/gynecopierreboucher.com\/en\/useful-links\/","url":"https:\/\/gynecopierreboucher.com\/en\/useful-links\/","name":"Useful links - Pierre-Boucher gynecology-obstetrics clinic.","isPartOf":{"@id":"https:\/\/gynecopierreboucher.com\/#website"},"datePublished":"2016-11-28T15:13:43+00:00","dateModified":"2023-02-22T16:03:01+00:00","breadcrumb":{"@id":"https:\/\/gynecopierreboucher.com\/en\/useful-links\/#breadcrumb"},"inLanguage":"en-US","potentialAction":[{"@type":"ReadAction","target":["https:\/\/gynecopierreboucher.com\/en\/useful-links\/"]}]},{"@type":"BreadcrumbList","@id":"https:\/\/gynecopierreboucher.com\/en\/useful-links\/#breadcrumb","itemListElement":[{"@type":"ListItem","position":1,"name":"Accueil","item":"https:\/\/gynecopierreboucher.com\/en\/"},{"@type":"ListItem","position":2,"name":"Useful links"}]},{"@type":"WebSite","@id":"https:\/\/gynecopierreboucher.com\/#website","url":"https:\/\/gynecopierreboucher.com\/","name":"Pierre-Boucher gynecology-obstetrics clinic.","description":"","potentialAction":[{"@type":"SearchAction","target":{"@type":"EntryPoint","urlTemplate":"https:\/\/gynecopierreboucher.com\/?s={search_term_string}"},"query-input":{"@type":"PropertyValueSpecification","valueRequired":true,"valueName":"search_term_string"}}],"inLanguage":"en-US"}]}},"_links":{"self":[{"href":"https:\/\/gynecopierreboucher.com\/en\/wp-json\/wp\/v2\/pages\/313","targetHints":{"allow":["GET"]}}],"collection":[{"href":"https:\/\/gynecopierreboucher.com\/en\/wp-json\/wp\/v2\/pages"}],"about":[{"href":"https:\/\/gynecopierreboucher.com\/en\/wp-json\/wp\/v2\/types\/page"}],"author":[{"embeddable":true,"href":"https:\/\/gynecopierreboucher.com\/en\/wp-json\/wp\/v2\/users\/1"}],"replies":[{"embeddable":true,"href":"https:\/\/gynecopierreboucher.com\/en\/wp-json\/wp\/v2\/comments?post=313"}],"version-history":[{"count":5,"href":"https:\/\/gynecopierreboucher.com\/en\/wp-json\/wp\/v2\/pages\/313\/revisions"}],"predecessor-version":[{"id":428,"href":"https:\/\/gynecopierreboucher.com\/en\/wp-json\/wp\/v2\/pages\/313\/revisions\/428"}],"wp:attachment":[{"href":"https:\/\/gynecopierreboucher.com\/en\/wp-json\/wp\/v2\/media?parent=313"}],"curies":[{"name":"wp","href":"https:\/\/api.w.org\/{rel}","templated":true}]}}